{"id":1977,"date":"2023-05-14T15:15:42","date_gmt":"2023-05-14T20:15:42","guid":{"rendered":"https:\/\/innovasemillas.com\/?post_type=product&#038;p=1977"},"modified":"2025-02-02T12:48:18","modified_gmt":"2025-02-02T17:48:18","slug":"catio-2-15","status":"publish","type":"product","link":"https:\/\/innovasemillas.com\/?product=catio-2-15","title":{"rendered":"Catio 2-15"},"content":{"rendered":"<h1>Variedad CATIO 2-15, para clima templado (400 a 1600 msnm)<\/h1>\n<p>Esta Variedad se desarrolla por el m\u00e9todo de fitomejoramiento:<br \/>\nSelecci\u00f3n Masal Estratificada para clima c\u00e1lido a templado, con<br \/>\npar\u00e1metros de selecci\u00f3n de tolerancia a Nem\u00e1todos y Hongos radicales,<br \/>\nalta productividad en grano, contenido de aceite y omega 3. Con registro<br \/>\nde Unidad de Fitomejoramiento Resoluci\u00f3n ICA No. 003966 del 19-Oct-2011 y Registro de Producci\u00f3n 71984 del 23-julio-2020.<\/p>\n","protected":false},"excerpt":{"rendered":"<table style=\"width: 100%; border-collapse: collapse; height: 162px;\" border=\"0\">\n<tbody>\n<tr style=\"height: 18px;\">\n<td style=\"width: 50%; height: 18px;\"><strong>D\u00edas al inicio de la Cosecha<\/strong><\/td>\n<td style=\"width: 50%; height: 18px;\">200 \u2013 2300 D\u00edas<\/td>\n<\/tr>\n<tr style=\"height: 18px;\">\n<td style=\"width: 50%; height: 18px;\"><strong>Potencial Productivo \/ a\u00f1o<\/strong><\/td>\n<td style=\"width: 50%; height: 18px;\">2.200 \u2013 3.000 kilos a\u00f1o<\/td>\n<\/tr>\n<tr style=\"height: 18px;\">\n<td style=\"width: 50%; height: 18px;\"><strong>Inicio de floraci\u00f3n<\/strong><\/td>\n<td style=\"width: 50%; height: 18px;\">90 \u2013 100 d\u00edas<\/td>\n<\/tr>\n<tr style=\"height: 18px;\">\n<td style=\"width: 50%; height: 18px;\"><strong>Contenido de aceite<\/strong><\/td>\n<td style=\"width: 50%; height: 18px;\">42% \u2013 52%<\/td>\n<\/tr>\n<tr style=\"height: 18px;\">\n<td style=\"width: 50%; height: 18px;\"><strong>Tipo de Cosecha<\/strong><\/td>\n<td style=\"width: 50%; height: 18px;\">Manual<\/td>\n<\/tr>\n<tr style=\"height: 18px;\">\n<td style=\"width: 50%; height: 18px;\"><strong>Clima (msnm)<\/strong><\/td>\n<td style=\"width: 50%; height: 18px;\">C\u00e1lido 100 \u2013 Templado 1.600<\/td>\n<\/tr>\n<tr style=\"height: 18px;\">\n<td style=\"width: 50%; height: 18px;\"><strong>Cantidad de Semillas por Kilo<\/strong><\/td>\n<td style=\"width: 50%; height: 18px;\">760 Aproximadamente<\/td>\n<\/tr>\n<tr style=\"height: 18px;\">\n<td style=\"width: 50%; height: 18px;\"><strong>Cantidad de semilla por Hect\u00e1rea<\/strong><\/td>\n<td style=\"width: 50%; height: 18px;\">4.5 kilos aproximadamente<\/td>\n<\/tr>\n<tr style=\"height: 18px;\">\n<td style=\"width: 50%; height: 18px;\"><strong>Tama\u00f1o medio de la Semilla<\/strong><\/td>\n<td style=\"width: 50%; height: 18px;\">1,68 x 1,6 x 0,7 cm<\/td>\n<\/tr>\n<\/tbody>\n<\/table>\n","protected":false},"featured_media":1748,"comment_status":"open","ping_status":"closed","template":"","meta":{"_joinchat":[]},"product_cat":[28],"product_tag":[],"class_list":{"0":"post-1977","1":"product","2":"type-product","3":"status-publish","4":"has-post-thumbnail","6":"product_cat-semillas","8":"first","9":"instock","10":"shipping-taxable","11":"purchasable","12":"product-type-variable"},"aioseo_notices":[],"_links":{"self":[{"href":"https:\/\/innovasemillas.com\/index.php?rest_route=\/wp\/v2\/product\/1977","targetHints":{"allow":["GET"]}}],"collection":[{"href":"https:\/\/innovasemillas.com\/index.php?rest_route=\/wp\/v2\/product"}],"about":[{"href":"https:\/\/innovasemillas.com\/index.php?rest_route=\/wp\/v2\/types\/product"}],"replies":[{"embeddable":true,"href":"https:\/\/innovasemillas.com\/index.php?rest_route=%2Fwp%2Fv2%2Fcomments&post=1977"}],"wp:featuredmedia":[{"embeddable":true,"href":"https:\/\/innovasemillas.com\/index.php?rest_route=\/wp\/v2\/media\/1748"}],"wp:attachment":[{"href":"https:\/\/innovasemillas.com\/index.php?rest_route=%2Fwp%2Fv2%2Fmedia&parent=1977"}],"wp:term":[{"taxonomy":"product_cat","embeddable":true,"href":"https:\/\/innovasemillas.com\/index.php?rest_route=%2Fwp%2Fv2%2Fproduct_cat&post=1977"},{"taxonomy":"product_tag","embeddable":true,"href":"https:\/\/innovasemillas.com\/index.php?rest_route=%2Fwp%2Fv2%2Fproduct_tag&post=1977"}],"curies":[{"name":"wp","href":"https:\/\/api.w.org\/{rel}","templated":true}]}}